{"id":203,"date":"2018-06-28T21:14:03","date_gmt":"2018-06-28T21:14:03","guid":{"rendered":"https:\/\/www.noc-nietoperzy.pl\/?page_id=203"},"modified":"2018-06-28T21:26:51","modified_gmt":"2018-06-28T21:26:51","slug":"organizatorzy","status":"publish","type":"page","link":"https:\/\/www.noc-nietoperzy.pl\/?page_id=203","title":{"rendered":"Organizatorzy"},"content":{"rendered":"<div  class=\"lgx_logo_slider_app_wrapper lgx-logo-slider-wp\"><div class=\"lgx-logo-wrapper  nav-position-v-mid hover-default\"  ><div class=\"owl-carousel lgx-logo-carousel\"  data-autoplaytimeout=\"5000\"  data-autoplayspeed=\"200\"  data-margin=\"10\"  data-loop=\"true\"  data-autoplay=\"true\"  data-autoplayhoverpause=\"false\"  data-dots=\"true\"  data-itemlarge=\"5\"  data-itemdesk=\"4\"  data-itemtablet=\"3\"  data-itemmobile=\"2\"  data-navlarge=\"true\"  data-navdesk=\"true\"  data-navtablet=\"true\"  data-navmobile=\"true\"  ><div class=\"item lgx-log-item\" ><div class=\"lgx-logo-item\" ><a href=\"http:\/\/www.swpw.eu\/\" target=\"_blank\"><img decoding=\"async\" class=\"lgx-logo-img skip-lazy\" src=\"https:\/\/www.noc-nietoperzy.pl\/wp-content\/uploads\/2018\/06\/Logo-1.png\" style=\"max-width: 350px;max-height: 350px;\"   alt=\"\" title=\"Stowarzyszenie Wsp\u00f3\u0142pracy Polska-Wsch\u00f3d\" \/><\/a><h6 class=\"logo-company-name\">Stowarzyszenie Wsp\u00f3\u0142pracy Polska-Wsch\u00f3d<\/h6><\/div><\/div><div class=\"item lgx-log-item\" ><div class=\"lgx-logo-item\" ><a href=\"http:\/\/www.isez.pan.krakow.pl\/\" target=\"_blank\"><img decoding=\"async\" class=\"lgx-logo-img skip-lazy\" src=\"https:\/\/www.noc-nietoperzy.pl\/wp-content\/uploads\/2018\/06\/logoisezpan.jpg\" style=\"max-width: 350px;max-height: 350px;\"   alt=\"\" title=\"Instytut Systematyki i Ewolucji Zwierz\u0105t\" \/><\/a><h6 class=\"logo-company-name\">Instytut Systematyki i Ewolucji Zwierz\u0105t<\/h6><\/div><\/div><div class=\"item lgx-log-item\" ><div class=\"lgx-logo-item\" ><a href=\"https:\/\/www.bip.wfosigw.rzeszow.pl\/\" target=\"_blank\"><img decoding=\"async\" class=\"lgx-logo-img skip-lazy\" src=\"https:\/\/www.noc-nietoperzy.pl\/wp-content\/uploads\/2018\/06\/pobrane.jpg\" style=\"max-width: 350px;max-height: 350px;\"   alt=\"\" title=\"Wojew\u00f3dzki Fundusz Ochrony \u015arodowiska i Gospodarki Wodnej w Rzeszowie\" \/><\/a><h6 class=\"logo-company-name\">Wojew\u00f3dzki Fundusz Ochrony \u015arodowiska i Gospodarki Wodnej w Rzeszowie<\/h6><\/div><\/div><div class=\"item lgx-log-item\" ><div class=\"lgx-logo-item\" ><a href=\"http:\/\/www.krosno.lasy.gov.pl\/\" target=\"_blank\"><img decoding=\"async\" class=\"lgx-logo-img skip-lazy\" src=\"https:\/\/www.noc-nietoperzy.pl\/wp-content\/uploads\/2018\/06\/LogoLP.jpg\" style=\"max-width: 350px;max-height: 350px;\"   alt=\"\" title=\"Regionalna Dyrekcja Las\u00f3w Pa\u0144stwowych w Kro\u015bnie\" \/><\/a><h6 class=\"logo-company-name\">Regionalna Dyrekcja Las\u00f3w Pa\u0144stwowych w Kro\u015bnie<\/h6><\/div><\/div><div class=\"item lgx-log-item\" ><div class=\"lgx-logo-item\" ><a href=\"http:\/\/korczyna.pl\/\" target=\"_blank\"><img decoding=\"async\" class=\"lgx-logo-img skip-lazy\" src=\"https:\/\/www.noc-nietoperzy.pl\/wp-content\/uploads\/2018\/06\/logo_1.png\" style=\"max-width: 350px;max-height: 350px;\"   alt=\"\" title=\"Gmina Korczyna\" \/><\/a><h6 class=\"logo-company-name\">Gmina Korczyna<\/h6><\/div><\/div><div class=\"item lgx-log-item\" ><div class=\"lgx-logo-item\" ><a href=\"http:\/\/www.parkikrosno.pl\/\" target=\"_blank\"><img decoding=\"async\" class=\"lgx-logo-img skip-lazy\" src=\"https:\/\/www.noc-nietoperzy.pl\/wp-content\/uploads\/2018\/06\/Zesp\u00f3\u0142_Karpackich_Park\u00f3w_Krajobrazowych_LOGO.svg_.png\" style=\"max-width: 350px;max-height: 350px;\"   alt=\"\" title=\"Zesp\u00f3\u0142 Karpackich Park\u00f3w Krajobrazowych\" \/><\/a><h6 class=\"logo-company-name\">Zesp\u00f3\u0142 Karpackich Park\u00f3w Krajobrazowych<\/h6><\/div><\/div><\/div><\/div><\/div>\n","protected":false},"excerpt":{"rendered":"","protected":false},"author":1,"featured_media":0,"parent":0,"menu_order":0,"comment_status":"0","ping_status":"closed","template":"","meta":{"neve_meta_sidebar":"","neve_meta_container":"","neve_meta_enable_content_width":"","neve_meta_content_width":0,"neve_meta_title_alignment":"","neve_meta_author_avatar":"","neve_post_elements_order":"","neve_meta_disable_header":"","neve_meta_disable_footer":"","neve_meta_disable_title":"","footnotes":""},"class_list":["post-203","page","type-page","status-publish","hentry"],"_links":{"self":[{"href":"https:\/\/www.noc-nietoperzy.pl\/index.php?rest_route=\/wp\/v2\/pages\/203","targetHints":{"allow":["GET"]}}],"collection":[{"href":"https:\/\/www.noc-nietoperzy.pl\/index.php?rest_route=\/wp\/v2\/pages"}],"about":[{"href":"https:\/\/www.noc-nietoperzy.pl\/index.php?rest_route=\/wp\/v2\/types\/page"}],"author":[{"embeddable":true,"href":"https:\/\/www.noc-nietoperzy.pl\/index.php?rest_route=\/wp\/v2\/users\/1"}],"replies":[{"embeddable":true,"href":"https:\/\/www.noc-nietoperzy.pl\/index.php?rest_route=%2Fwp%2Fv2%2Fcomments&post=203"}],"version-history":[{"count":2,"href":"https:\/\/www.noc-nietoperzy.pl\/index.php?rest_route=\/wp\/v2\/pages\/203\/revisions"}],"predecessor-version":[{"id":224,"href":"https:\/\/www.noc-nietoperzy.pl\/index.php?rest_route=\/wp\/v2\/pages\/203\/revisions\/224"}],"wp:attachment":[{"href":"https:\/\/www.noc-nietoperzy.pl\/index.php?rest_route=%2Fwp%2Fv2%2Fmedia&parent=203"}],"curies":[{"name":"wp","href":"https:\/\/api.w.org\/{rel}","templated":true}]}}