{"id":279,"date":"2019-09-15T19:29:33","date_gmt":"2019-09-15T19:29:33","guid":{"rendered":"https:\/\/www.noc-nietoperzy.pl\/?page_id=279"},"modified":"2019-10-05T18:25:10","modified_gmt":"2019-10-05T18:25:10","slug":"konkurs-plastyczny-nietoperz-da-sie-lubic-2019","status":"publish","type":"page","link":"https:\/\/www.noc-nietoperzy.pl\/?page_id=279","title":{"rendered":"Konkurs plastyczny \u2013 \u201eNietoperz da si\u0119 lubi\u0107\u201d 2019"},"content":{"rendered":"\n<div class=\"wp-block-themeisle-blocks-advanced-columns has-1-columns has-desktop-equal-layout has-tablet-equal-layout has-mobile-equal-layout has-default-gap has-vertical-unset\" id=\"wp-block-themeisle-blocks-advanced-columns-65e290fa\" style=\"border-width:0px;border-style:solid;border-color:#000000;border-radius:0px;justify-content:unset\"><div class=\"wp-themeisle-block-overlay\" style=\"opacity:0.5;mix-blend-mode:normal\"><\/div><div class=\"innerblocks-wrap\">\n<div class=\"wp-block-themeisle-blocks-advanced-column\" id=\"wp-block-themeisle-blocks-advanced-column-60b903bc\" style=\"border-width:0px;border-style:solid;border-color:#000000;border-radius:0px\">\n<p>Po zako\u0144czeniu prelekcji zosta\u0142y og\u0142oszone wyniki konkursu plastycznego oraz nast\u0105pi\u0142o rozdanie nagr\u00f3d g\u0142\u00f3wnych ufundowanych przez Gmin\u0119 Korczyna oraz Stowarzyszenie Wsp\u00f3\u0142pracy Polska \u2013 Wsch\u00f3d. Nagrody ufundowali r\u00f3wnie\u017c Wojew\u00f3dzki Fundusz Ochrony \u015arodowiska, oraz Zesp\u00f3\u0142 Karpackich Park\u00f3w Krajobrazowych.<\/p>\n\n\n\n<p>Nagrody wr\u0119czali Gabriel Zajdel \u2013 Prezes Podkarpackiego Oddzia\u0142u Stowarzyszenia Wsp\u00f3\u0142pracy Polska \u2013 Wsch\u00f3d, Jan Zych \u2013 W\u00f3jt Gminy Korczyna, Andrzej Kr\u0119\u017ca\u0142ek \u2013 Dyrektor Zespo\u0142u Karpackich Park\u00f3w Krajobrazowych oraz Stanis\u0142aw Jucha \u2013 Przewodnicz\u0105cy Komitetu Organizacyjnego Podkarpackiej Nocy Nietoperzy<\/p>\n\n\n\n<p>W jury zasiadali przewodnicz\u0105cy Krzysztof Bryniecki \u2013 przedstawiciel Biura Wystaw Artystycznych w Kro\u015bnie, Aleksandra Prugar przedstawiciel GOK w Korczynie oraz Monika Jankowicz \u2013 przedstawiciel Zespo\u0142u Karpackich Park\u00f3w Krajobrazowych w Kro\u015bnie. Celem konkursu by\u0142o uwra\u017cliwienie na pi\u0119kno przyrody oraz dostrzeganie jej niezwyk\u0142ych detali na przyk\u0142adzie nietoperzy. Ponadto celem konkursu by\u0142o rozwijanie w\u015br\u00f3d dzieci i m\u0142odzie\u017cy umiej\u0119tno\u015bci obserwacji przyrody, jej dokumentowania, interpretacji oraz opisu, a tak\u017ce kszta\u0142towanie \u015bwiadomo\u015bci ekologicznej uczestnik\u00f3w.<\/p>\n\n\n\n<p>Na konkurs wp\u0142yn\u0119\u0142o 204 prace plastyczne o r\u00f3\u017cnej technice. Komisja kieruj\u0105c si\u0119 zasadami uj\u0119tymi w regulaminie maj\u0105c na uwadze przede wszystkim samodzielno\u015b\u0107 wykonanych prac przyzna\u0142a nagrody w III kategoriach wiekowych: I- III, IV \u2013 VI oraz VII \u2013 VIII.<\/p>\n\n\n\n<p>Dodatkowo Komisja zdecydowa\u0142a o zmianie regulaminu i wprowadzeniu kolejnej kategorii jak\u0105 jest \u201dforma przestrzenna\u201d. Z uwagi na ilo\u015b\u0107 i jako\u015b\u0107 prac w tej kategorii wyr\u00f3\u017cniono i nagrodzono najlepsze w uznaniu komisji prace.<\/p>\n\n\n\n<p><strong>Kategoria wiekowa kl. I \u2013 kl. III<\/strong><\/p>\n\n\n\n<p><strong>1. Nagroda g\u0142\u00f3wna:<\/strong><\/p>\n\n\n\n<p>\u2013 MAJA ZIMA \u2013 SP LUBT\u00d3WKA<\/p>\n\n\n\n<p>\u2013 ZUZANNA FOLCIK \u2013 SP 14 KROSNO<\/p>\n\n\n\n<p><strong>2. Nagroda:<\/strong><\/p>\n\n\n\n<p>KAJETAN S\u0141Y\u015a \u2013 SP 4<\/p>\n\n\n\n<p>JULIA W\u0118GRZYN \u2013 SP LUBAT\u00d3WKA<\/p>\n\n\n\n<p><strong>3. Nagroda:<\/strong><\/p>\n\n\n\n<p>KAROL JAKUBCZYK \u2013 SP LUBATOWA<\/p>\n\n\n\n<p>JULIA KAMI\u0143SKA \u2013 SP LUBATOWA<\/p>\n\n\n\n<p><strong>Wyr\u00f3\u017cnienia:<\/strong><\/p>\n\n\n\n<p>1. LENA ZYGMUNT \u2013 SP LUBAT\u00d3WKA<\/p>\n\n\n\n<p>2. ANNA ZYGMUNT \u2013 SP LUBAT\u00d3WKA<\/p>\n\n\n\n<p>3. HELENA BR\u0104CZYK \u2013 SP NR 3 W KRO\u015aNIE<\/p>\n\n\n\n<p>4. URSZULA PERNAL \u2013 SP LUBATOWA<\/p>\n\n\n\n<p><strong>Kategoria wiekowa \u2013 kl. IV \u2013 VI<\/strong><\/p>\n\n\n\n<p><strong>1. Nagroda g\u0142\u00f3wna<\/strong><\/p>\n\n\n\n<p>\u2013 SZYMON KR\u0118\u017bA\u0141EK \u2013 SP \u0141\u0118KI DUKIELSKIE<\/p>\n\n\n\n<p>\u2013 SZYMON PRUGAR \u2013 SP KORCZYNA<\/p>\n\n\n\n<p><strong>2 nagroda:<\/strong><\/p>\n\n\n\n<p>LAURA CHODAK \u2013 SP KORCZYNA<\/p>\n\n\n\n<p>KAMILA KROCHMAL \u2013 SP KRASNA<\/p>\n\n\n\n<p><strong>3 nagroda:<\/strong><\/p>\n\n\n\n<p>GABRIELA DROZD \u2013 SP W DUKLI<\/p>\n\n\n\n<p>WERONIKA SURMACZ \u2013 SP NR 3 W KRO\u015aNIE<\/p>\n\n\n\n<p>MATYLDA BU\u017bANOWSKA \u2013 SP \u0141\u0118KI DUKIELSKIE<\/p>\n\n\n\n<p><strong>Wyr\u00f3\u017cnienia:<\/strong><\/p>\n\n\n\n<p>1. ZUZANNA ZIEMBICKA \u2013 SP IWONICZ<\/p>\n\n\n\n<p>2. \u0141UCJA KANIA \u2013 KATOLICKA SP W KRO\u015aNIE<\/p>\n\n\n\n<p>3. KAROL S\u0141ABNIAK \u2013 SP JEDLICZE<\/p>\n\n\n\n<p>4. SZYMON CZAJA \u2013 SP NR 15 W KRO\u015aNIE<\/p>\n\n\n\n<p><strong>Kategoria wiekowa \u2013 kl. VII \u2013 VIII<\/strong><\/p>\n\n\n\n<p><strong>1. Nagroda g\u0142\u00f3wna<\/strong><\/p>\n\n\n\n<p>\u2013 DAGMARA ORYSZCZAK \u2013 SP 8 W KRO\u015aNIE<\/p>\n\n\n\n<p><strong>2. Nagroda:<\/strong><\/p>\n\n\n\n<p>NATALIA FLOREK \u2013 SP KRO\u015aCIENKO WY\u017bNE<\/p>\n\n\n\n<p>EMILIA PREJSNAR \u2013 SP IWONICZ<\/p>\n\n\n\n<p><strong>3. Nagroda:<\/strong><\/p>\n\n\n\n<p>MONIKA PER\u0141OWSKA \u2013 SP KRO\u015aCIENKO WY\u017bNE<\/p>\n\n\n\n<p>OLIWIA MANDELA \u2013 SP KRASNA<\/p>\n\n\n\n<p><strong>Formy przestrzenne :<\/strong><\/p>\n\n\n\n<p><strong>1. Nagroda:<\/strong><\/p>\n\n\n\n<p>NIKOLA SZMYD \u2013 SP KORCZYNA<\/p>\n\n\n\n<p><strong>2. Nagroda:<\/strong><\/p>\n\n\n\n<p>NIKOLA NYCZ \u2013 SP KRASNA<\/p>\n\n\n\n<p><strong>Wyr\u00f3\u017cnienia:<\/strong><\/p>\n\n\n\n<p>1. GABRIELA KULIGA \u2013 SP KORCZYNA<\/p>\n\n\n\n<p>2. PAWE\u0141 KUCZA\u0141A \u2013 SP IWONICZ ZDR\u00d3J<\/p>\n\n\n\n<p>3. MALWINA WOJNAR \u2013 SP HACZ\u00d3W<\/p>\n\n\n\n<p>Komisja konkursowa by\u0142a pod olbrzymim wra\u017ceniem zar\u00f3wno ilo\u015bci nades\u0142anych prac jak i poziomu artystycznego tegorocznej edycji konkursu.<\/p>\n<\/div>\n<\/div><\/div>\n","protected":false},"excerpt":{"rendered":"","protected":false},"author":1,"featured_media":304,"parent":0,"menu_order":0,"comment_status":"0","ping_status":"closed","template":"","meta":{"neve_meta_sidebar":"","neve_meta_container":"","neve_meta_enable_content_width":"","neve_meta_content_width":0,"neve_meta_title_alignment":"","neve_meta_author_avatar":"","neve_post_elements_order":"","neve_meta_disable_header":"","neve_meta_disable_footer":"","neve_meta_disable_title":"","footnotes":""},"class_list":["post-279","page","type-page","status-publish","has-post-thumbnail","hentry"],"_links":{"self":[{"href":"https:\/\/www.noc-nietoperzy.pl\/index.php?rest_route=\/wp\/v2\/pages\/279","targetHints":{"allow":["GET"]}}],"collection":[{"href":"https:\/\/www.noc-nietoperzy.pl\/index.php?rest_route=\/wp\/v2\/pages"}],"about":[{"href":"https:\/\/www.noc-nietoperzy.pl\/index.php?rest_route=\/wp\/v2\/types\/page"}],"author":[{"embeddable":true,"href":"https:\/\/www.noc-nietoperzy.pl\/index.php?rest_route=\/wp\/v2\/users\/1"}],"replies":[{"embeddable":true,"href":"https:\/\/www.noc-nietoperzy.pl\/index.php?rest_route=%2Fwp%2Fv2%2Fcomments&post=279"}],"version-history":[{"count":2,"href":"https:\/\/www.noc-nietoperzy.pl\/index.php?rest_route=\/wp\/v2\/pages\/279\/revisions"}],"predecessor-version":[{"id":313,"href":"https:\/\/www.noc-nietoperzy.pl\/index.php?rest_route=\/wp\/v2\/pages\/279\/revisions\/313"}],"wp:featuredmedia":[{"embeddable":true,"href":"https:\/\/www.noc-nietoperzy.pl\/index.php?rest_route=\/wp\/v2\/media\/304"}],"wp:attachment":[{"href":"https:\/\/www.noc-nietoperzy.pl\/index.php?rest_route=%2Fwp%2Fv2%2Fmedia&parent=279"}],"curies":[{"name":"wp","href":"https:\/\/api.w.org\/{rel}","templated":true}]}}