{"id":99,"date":"2018-06-28T19:42:05","date_gmt":"2018-06-28T19:42:05","guid":{"rendered":"https:\/\/www.noc-nietoperzy.pl\/?page_id=99"},"modified":"2018-06-28T21:26:22","modified_gmt":"2018-06-28T21:26:22","slug":"krysztalowy-medal-przyjaciel-nietoperzy","status":"publish","type":"page","link":"https:\/\/www.noc-nietoperzy.pl\/?page_id=99","title":{"rendered":"Kryszta\u0142owy Medal PRZYJACIEL NIETOPERZY"},"content":{"rendered":"<p>Tradycja ochrony nietoperzy w Polsce si\u0119ga XIX wieku, jednak\u017ce dopiero w ostatnich latach obserwuje si\u0119 wzrost zainteresowania t\u0105 grup\u0105 ssak\u00f3w i problemami ich ochrony. Ochron\u0105 prawn\u0105 obj\u0119te s\u0105 wszystkie wyst\u0119puj\u0105ce w Polsce gatunki, cz\u0119\u015b\u0107 z nich zosta\u0142o umieszczonych w Polskiej Czerwonej Ksi\u0119dze Zwierz\u0105t. Polska przyst\u0105pi\u0142a do Europejskiego Porozumienia o Ochronie Nietoperzy. Podejmowane s\u0105 r\u00f3\u017cne akcje edukacyjne. Dzia\u0142ania Podkarpackiego Oddzia\u0142u Stowarzyszenia Wsp\u00f3\u0142pracy POLSKA \u2013 WSCH\u00d3D nie rywalizuj\u0105 ani nie wyr\u0119czaj\u0105 organizacji i instytucji zajmuj\u0105cych si\u0119 ochron\u0105 nietoperzy lecz tworz\u0105 klimat i ramy organizacyjne do dzia\u0142a\u0144 edukacyjnych i wymiany do\u015bwiadcze\u0144 z naszymi s\u0105siadami \u2013 Ukrain\u0105, S\u0142owacj\u0105, Litw\u0105, Bia\u0142orusi\u0105 a tak\u017ce Rumuni\u0105 i W\u0142ochami.<\/p>\n<p>Wa\u017cn\u0105 dzia\u0142alno\u015bci\u0105 edukacyjn\u0105 jest poznawanie i upowszechnianie akt\u00f3w prawnych dotycz\u0105cych ochrony przyrody obejmuj\u0105cych nietoperze a w tym:<\/p>\n<p>&#8211; przepis\u00f3w polskich: Ustawy o ochronie przyrody, rozporz\u0105dzenia w sprawie ochrony gatunkowej zwierz\u0105t (wszystkie nietoperze w Polsce s\u0105 obj\u0119te \u015bcis\u0142\u0105 ochron\u0105 gatunkow\u0105), ustawa o ochronie zwierz\u0105t.<\/p>\n<p>-przepis\u00f3w Unii Europejskiej: Konwencji o r\u00f3\u017cnorodno\u015bci biologicznej z Rio de Janeiro, konwencji o ochronie w\u0119drownych gatunk\u00f3w dzikich zwierz\u0105t tzw. Konwencja Bo\u0144ska, porozumienie o ochronie populacji europejskich nietoperzy (w ramach Konwencji Bo\u0144skiej).<\/p>\n<p>Kszta\u0142towanie pozytywnego stosunku ludzi do nietoperzy to niezwykle wa\u017cna aktywno\u015b\u0107 wspomagaj\u0105ca inne dzia\u0142ania i zapobiegaj\u0105ca szkodliwym dzia\u0142aniom dla nietoperzy i ich siedlisk.<\/p>\n<p>Dobrym przyk\u0142adem akcji edukacyjnych dotycz\u0105cych nietoperzy jest coroczna Noc Nietoperzy organizowana w wojew\u00f3dztwie podkarpackim w ramach Mi\u0119dzynarodowej Nocy Nietoperzy. Jest to okazja do wyr\u00f3\u017cnienia Kryszta\u0142owym Medalem PRZYJACIEL NIETOPERZY ludzi zas\u0142u\u017conych za dzia\u0142alno\u015b\u0107 naukow\u0105, zawodow\u0105 i spo\u0142eczn\u0105 na rzecz odkrywania, poznawania i upowszechniania wiedzy o nietoperzach oraz innych gin\u0105cych gatunk\u00f3w zwierz\u0105t.<\/p>\n<p>Medal o \u015brednicy 72 mm i grubo\u015bci 8 mmjest wykonany z r\u0119cznie obrabianego szk\u0142a z zastosowaniem g\u0142\u0119bokich szlif\u00f3w ozdobnych, osadzonych symetrycznie na ca\u0142ym obwodzie.\u00a0 Na specjalnie przygotowanej powierzchni nanoszona jest grafika przedstawiaj\u0105ca nietoperza w trakcie lotu specjalnymi farbami.<\/p>\n<p>W g\u00f3rnej cz\u0119\u015bci na obwodzie widnieje napis KRYSZTA\u0141OWY MEDAL a w dolnej cz\u0119\u015bci PRZYJACIEL NIETOPERZY. W \u015brodkowej g\u00f3rnej cz\u0119\u015bci jest nazwa wydarzenia i data, w trakcie kt\u00f3rej wr\u0119czane s\u0105 medale.<\/p>\n<p>Dzia\u0142ania zmierzaj\u0105ce do bezkonfliktowego wsp\u00f3\u0142\u017cycia ludzi i zwierz\u0105t s\u0105 niezwykle cenne i zas\u0142uguj\u0105 na wyr\u00f3\u017cnienie jedynym w Europie tego typu medalem.<\/p>\n<div  class=\"lgx_logo_slider_app_wrapper lgx-logo-slider-wp\"><div class=\"lgx-logo-wrapper  nav-position-v-mid hover-default\"  ><div class=\"owl-carousel lgx-logo-carousel\"  data-autoplaytimeout=\"5000\"  data-autoplayspeed=\"200\"  data-margin=\"10\"  data-loop=\"true\"  data-autoplay=\"true\"  data-autoplayhoverpause=\"false\"  data-dots=\"true\"  data-itemlarge=\"5\"  data-itemdesk=\"4\"  data-itemtablet=\"3\"  data-itemmobile=\"2\"  data-navlarge=\"true\"  data-navdesk=\"true\"  data-navtablet=\"true\"  data-navmobile=\"true\"  ><div class=\"item lgx-log-item\" ><div class=\"lgx-logo-item\" ><a href=\"http:\/\/www.swpw.eu\/\" target=\"_blank\"><img decoding=\"async\" class=\"lgx-logo-img skip-lazy\" src=\"https:\/\/www.noc-nietoperzy.pl\/wp-content\/uploads\/2018\/06\/Logo-1.png\" style=\"max-width: 350px;max-height: 350px;\"   alt=\"\" title=\"Stowarzyszenie Wsp\u00f3\u0142pracy Polska-Wsch\u00f3d\" \/><\/a><h6 class=\"logo-company-name\">Stowarzyszenie Wsp\u00f3\u0142pracy Polska-Wsch\u00f3d<\/h6><\/div><\/div><div class=\"item lgx-log-item\" ><div class=\"lgx-logo-item\" ><a href=\"http:\/\/www.isez.pan.krakow.pl\/\" target=\"_blank\"><img decoding=\"async\" class=\"lgx-logo-img skip-lazy\" src=\"https:\/\/www.noc-nietoperzy.pl\/wp-content\/uploads\/2018\/06\/logoisezpan.jpg\" style=\"max-width: 350px;max-height: 350px;\"   alt=\"\" title=\"Instytut Systematyki i Ewolucji Zwierz\u0105t\" \/><\/a><h6 class=\"logo-company-name\">Instytut Systematyki i Ewolucji Zwierz\u0105t<\/h6><\/div><\/div><div class=\"item lgx-log-item\" ><div class=\"lgx-logo-item\" ><a href=\"https:\/\/www.bip.wfosigw.rzeszow.pl\/\" target=\"_blank\"><img decoding=\"async\" class=\"lgx-logo-img skip-lazy\" src=\"https:\/\/www.noc-nietoperzy.pl\/wp-content\/uploads\/2018\/06\/pobrane.jpg\" style=\"max-width: 350px;max-height: 350px;\"   alt=\"\" title=\"Wojew\u00f3dzki Fundusz Ochrony \u015arodowiska i Gospodarki Wodnej w Rzeszowie\" \/><\/a><h6 class=\"logo-company-name\">Wojew\u00f3dzki Fundusz Ochrony \u015arodowiska i Gospodarki Wodnej w Rzeszowie<\/h6><\/div><\/div><div class=\"item lgx-log-item\" ><div class=\"lgx-logo-item\" ><a href=\"http:\/\/www.krosno.lasy.gov.pl\/\" target=\"_blank\"><img decoding=\"async\" class=\"lgx-logo-img skip-lazy\" src=\"https:\/\/www.noc-nietoperzy.pl\/wp-content\/uploads\/2018\/06\/LogoLP.jpg\" style=\"max-width: 350px;max-height: 350px;\"   alt=\"\" title=\"Regionalna Dyrekcja Las\u00f3w Pa\u0144stwowych w Kro\u015bnie\" \/><\/a><h6 class=\"logo-company-name\">Regionalna Dyrekcja Las\u00f3w Pa\u0144stwowych w Kro\u015bnie<\/h6><\/div><\/div><div class=\"item lgx-log-item\" ><div class=\"lgx-logo-item\" ><a href=\"http:\/\/korczyna.pl\/\" target=\"_blank\"><img decoding=\"async\" class=\"lgx-logo-img skip-lazy\" src=\"https:\/\/www.noc-nietoperzy.pl\/wp-content\/uploads\/2018\/06\/logo_1.png\" style=\"max-width: 350px;max-height: 350px;\"   alt=\"\" title=\"Gmina Korczyna\" \/><\/a><h6 class=\"logo-company-name\">Gmina Korczyna<\/h6><\/div><\/div><div class=\"item lgx-log-item\" ><div class=\"lgx-logo-item\" ><a href=\"http:\/\/www.parkikrosno.pl\/\" target=\"_blank\"><img decoding=\"async\" class=\"lgx-logo-img skip-lazy\" src=\"https:\/\/www.noc-nietoperzy.pl\/wp-content\/uploads\/2018\/06\/Zesp\u00f3\u0142_Karpackich_Park\u00f3w_Krajobrazowych_LOGO.svg_.png\" style=\"max-width: 350px;max-height: 350px;\"   alt=\"\" title=\"Zesp\u00f3\u0142 Karpackich Park\u00f3w Krajobrazowych\" \/><\/a><h6 class=\"logo-company-name\">Zesp\u00f3\u0142 Karpackich Park\u00f3w Krajobrazowych<\/h6><\/div><\/div><\/div><\/div><\/div>\n","protected":false},"excerpt":{"rendered":"<p>Tradycja ochrony nietoperzy w Polsce si\u0119ga XIX wieku, jednak\u017ce dopiero w ostatnich latach obserwuje si\u0119 wzrost zainteresowania t\u0105 grup\u0105 ssak\u00f3w i problemami ich ochrony. Ochron\u0105 prawn\u0105 obj\u0119te s\u0105 wszystkie wyst\u0119puj\u0105ce w Polsce gatunki, cz\u0119\u015b\u0107 z nich zosta\u0142o umieszczonych w Polskiej Czerwonej Ksi\u0119dze Zwierz\u0105t. Polska przyst\u0105pi\u0142a do Europejskiego Porozumienia o Ochronie Nietoperzy. Podejmowane s\u0105 r\u00f3\u017cne akcje&hellip;&nbsp;<a href=\"https:\/\/www.noc-nietoperzy.pl\/?logosliderwp=zespol-karpackich-parkow-krajobrazowych\" rel=\"bookmark\">Dowiedz si\u0119 wi\u0119cej &raquo;<span class=\"screen-reader-text\">Zesp\u00f3\u0142 Karpackich Park\u00f3w Krajobrazowych<\/span><\/a><\/p>\n","protected":false},"author":1,"featured_media":71,"parent":0,"menu_order":0,"comment_status":"0","ping_status":"closed","template":"","meta":{"neve_meta_sidebar":"","neve_meta_container":"","neve_meta_enable_content_width":"","neve_meta_content_width":0,"neve_meta_title_alignment":"","neve_meta_author_avatar":"","neve_post_elements_order":"","neve_meta_disable_header":"","neve_meta_disable_footer":"","neve_meta_disable_title":"","footnotes":""},"class_list":["post-99","page","type-page","status-publish","has-post-thumbnail","hentry"],"_links":{"self":[{"href":"https:\/\/www.noc-nietoperzy.pl\/index.php?rest_route=\/wp\/v2\/pages\/99","targetHints":{"allow":["GET"]}}],"collection":[{"href":"https:\/\/www.noc-nietoperzy.pl\/index.php?rest_route=\/wp\/v2\/pages"}],"about":[{"href":"https:\/\/www.noc-nietoperzy.pl\/index.php?rest_route=\/wp\/v2\/types\/page"}],"author":[{"embeddable":true,"href":"https:\/\/www.noc-nietoperzy.pl\/index.php?rest_route=\/wp\/v2\/users\/1"}],"replies":[{"embeddable":true,"href":"https:\/\/www.noc-nietoperzy.pl\/index.php?rest_route=%2Fwp%2Fv2%2Fcomments&post=99"}],"version-history":[{"count":2,"href":"https:\/\/www.noc-nietoperzy.pl\/index.php?rest_route=\/wp\/v2\/pages\/99\/revisions"}],"predecessor-version":[{"id":222,"href":"https:\/\/www.noc-nietoperzy.pl\/index.php?rest_route=\/wp\/v2\/pages\/99\/revisions\/222"}],"wp:featuredmedia":[{"embeddable":true,"href":"https:\/\/www.noc-nietoperzy.pl\/index.php?rest_route=\/wp\/v2\/media\/71"}],"wp:attachment":[{"href":"https:\/\/www.noc-nietoperzy.pl\/index.php?rest_route=%2Fwp%2Fv2%2Fmedia&parent=99"}],"curies":[{"name":"wp","href":"https:\/\/api.w.org\/{rel}","templated":true}]}}